{"id":972,"date":"2021-09-06T14:34:55","date_gmt":"2021-09-06T13:34:55","guid":{"rendered":"https:\/\/koroshegyfem.hu\/?page_id=972"},"modified":"2021-10-27T13:25:14","modified_gmt":"2021-10-27T12:25:14","slug":"palyazatok","status":"publish","type":"page","link":"https:\/\/koroshegyfem.hu\/index.php\/palyazatok\/","title":{"rendered":"P\u00e1ly\u00e1zatok"},"content":{"rendered":"\n<p><\/p>\n\n\n\n<div id=\"envira-gallery-wrap-976\" class=\"envira-gallery-wrap envira-gallery-theme-base envira-lightbox-theme-base\" itemscope itemtype=\"https:\/\/schema.org\/ImageGallery\"><div data-row-height=\"150\" data-gallery-theme=\"normal\" id=\"envira-gallery-976\" class=\"envira-gallery-public envira-gallery-justified-public envira-gallery-0-columns envira-clear enviratope envira-gallery-css-animations\" data-envira-columns=\"0\"><div id=\"envira-gallery-item-970\" class=\"envira-gallery-item enviratope-item envira-gallery-item-1 envira-lazy-load\" style=\"padding-left: 5px; padding-bottom: 10px; padding-right: 5px;\"  itemscope itemtype=\"https:\/\/schema.org\/ImageObject\"><div class=\"envira-gallery-item-inner\"><div class=\"envira-gallery-position-overlay  envira-gallery-top-left\"><\/div><div class=\"envira-gallery-position-overlay  envira-gallery-top-right\"><\/div><div class=\"envira-gallery-position-overlay  envira-gallery-bottom-left\"><\/div><div class=\"envira-gallery-position-overlay  envira-gallery-bottom-right\"><\/div><a href=\"https:\/\/koroshegyfem.hu\/wp-content\/uploads\/2021\/09\/napelem.jpg\" class=\"envira-gallery-976 envira-gallery-link\" rel=\"enviragallery976\" title=\"napelem\" data-envira-caption=\"napelem\" data-envira-retina=\"\" data-thumbnail=\"\"  itemprop=\"contentUrl\"><img decoding=\"async\" id=\"envira-gallery-image-970\" class=\"envira-gallery-image envira-gallery-image-1 envira-normal envira-lazy\" data-envira-index=\"1\" src=\"https:\/\/koroshegyfem.hu\/wp-content\/uploads\/2021\/09\/napelem-1024x708-640x480.jpg\" data-envira-src=\"https:\/\/koroshegyfem.hu\/wp-content\/uploads\/2021\/09\/napelem-1024x708-640x480.jpg\" data-envira-gallery-id=\"976\" data-envira-item-id=\"970\" data-envira-caption=\"napelem\" alt=\"\" title=\"napelem\"  itemprop=\"thumbnailUrl\" data-envira-srcset=\"https:\/\/koroshegyfem.hu\/wp-content\/uploads\/2021\/09\/napelem-1024x708-640x480.jpg 400w,https:\/\/koroshegyfem.hu\/wp-content\/uploads\/2021\/09\/napelem-1024x708-640x480.jpg 2x\" data-envira-width=\"300\" data-envira-height=\"207\" srcset=\"data:image\/gif;base64,R0lGODlhAQABAIAAAP\/\/\/\/\/\/\/yH5BAEKAAEALAAAAAABAAEAAAICTAEAOw==\" data-safe-src=\"data:image\/gif;base64,R0lGODlhAQABAIAAAP\/\/\/\/\/\/\/yH5BAEKAAEALAAAAAABAAEAAAICTAEAOw==\" \/><\/a><\/div><\/div><\/div><\/div><noscript><img decoding=\"async\" src=\"https:\/\/koroshegyfem.hu\/wp-content\/uploads\/2021\/09\/napelem.jpg\" alt=\"\" \/><\/noscript>\n\n\n\n<p><strong>Napelemes rendszer beszerz\u00e9se \u00e9s telep\u00edt\u00e9se a K\u0150R\u00d6SHEGYF\u00c9M Bt-n\u00e9l.<\/strong><\/p>\n\n\n\n<p>A K\u0150R\u00d6SHEGYF\u00c9M Bt. a Gazdas\u00e1gfejleszt\u00e9si \u00e9s Innov\u00e1ci\u00f3s Operat\u00edv Program keretein bel\u00fcl meghirdetett GINOP-4.1.4-19 k\u00f3dsz\u00e1m\u00fa, \u201eMeg\u00fajul\u00f3 energia haszn\u00e1lat\u00e1t, energiahat\u00e9konys\u00e1g n\u00f6vel\u00e9s\u00e9t c\u00e9lz\u00f3 \u00e9p\u00fcletenergetikai fejleszt\u00e9sek t\u00e1mogat\u00e1sa\u201d t\u00e1rgy\u00fa felh\u00edv\u00e1sra 2020.09.15-\u00e9n t\u00e1mogat\u00e1si k\u00e9relmet ny\u00fajtott be.<\/p>\n\n\n\n<p>A P\u00e9nz\u00fcgyminiszt\u00e9rium, mint T\u00e1mogat\u00f3 a p\u00e1ly\u00e1zatot 6.425.104 Ft vissza nem t\u00e9r\u00edtend\u0151 t\u00e1mogat\u00e1sban r\u00e9szes\u00edtette.<\/p>\n\n\n\n<p><strong>Projekt alapadatok:<\/strong><\/p>\n\n\n\n<p>Kedvezm\u00e9nyezett neve: <strong>K\u00d6R\u00d6SHEGYF\u00c9M F\u00e9mipari \u00e9s Kereskedelmi Bet\u00e9ti T\u00e1rsas\u00e1g<\/strong><\/p>\n\n\n\n<p>Projekt c\u00edme: <strong>\u201eNapelemes rendszer beszerz\u00e9se \u00e9s telep\u00edt\u00e9se a K\u0150R\u00d6SHEGYF\u00c9M Bt-n\u00e9l.\u201d<\/strong><\/p>\n\n\n\n<p>Projekt azonos\u00edt\u00f3 sz\u00e1ma: <strong>GINOP-4.1.4-19-2020-02704<\/strong><\/p>\n\n\n\n<p>Forr\u00e1s megnevez\u00e9se: <strong>ERFA<\/strong><\/p>\n\n\n\n<p>Projekt megval\u00f3s\u00edt\u00e1si helysz\u00edne: <strong>8617 K\u0151r\u00f6shegy, k\u00fclter\u00fclet hrsz: 0175\/1<\/strong><\/p>\n\n\n\n<p>Projekt k\u00f6lts\u00e9gvet\u00e9se:<strong> 11.682.009 Ft<\/strong><\/p>\n\n\n\n<p>Meg\u00edt\u00e9lt t\u00e1mogat\u00e1s: <strong>6.425.104<\/strong> <strong>Ft<\/strong><\/p>\n\n\n\n<p>T\u00e1mogat\u00e1s m\u00e9rt\u00e9ke: <strong>55 %<\/strong><\/p>\n\n\n\n<p>A projekt fizikai befejez\u00e9s\u00e9nek d\u00e1tuma: <strong>2021.06.30<\/strong><\/p>\n\n\n\n<p><strong>A projekt tartalm\u00e1nak r\u00f6vid bemutat\u00e1sa:<\/strong><\/p>\n\n\n\n<p>A projekt megval\u00f3s\u00edt\u00e1s\u00e1nak keret\u00e9ben beszerz\u00e9sre \u00e9s telep\u00edt\u00e9sre ker\u00fclt egy 39,37 kWp teljes\u00edtm\u00e9ny\u0171 napelemes rendszer. A ki\u00e9p\u00edtett rendszer csatlakoztat\u00e1sra ker\u00fclt az \u00e9p\u00fclet elektromos rendszer\u00e9hez, valamint a h\u00e1l\u00f3zathoz. Tov\u00e1bb\u00e1 megt\u00f6rt\u00e9nt a kor\u00e1bbi villany\u00f3ra cser\u00e9je. A szolg\u00e1ltat\u00f3val megk\u00f6t\u00e9sre, illetve m\u00f3dos\u00edt\u00e1sra ker\u00fclt a h\u00e1l\u00f3zati csatlakoz\u00e1si szerz\u0151d\u00e9s \u00e9s a h\u00e1l\u00f3zathaszn\u00e1lati szerz\u0151d\u00e9s.<\/p>\n\n\n\n<p>A telep\u00edtett napelemes rendszer be\u00fczemel\u00e9s\u00e9t k\u00f6vet\u0151en a megval\u00f3s\u00edt\u00e1si helysz\u00ednen folytatott gy\u00e1rt\u00f3 tev\u00e9kenys\u00e9g villamosenergia sz\u00fcks\u00e9glete k\u00f6zel teljes m\u00e9rt\u00e9kben meg\u00fajul\u00f3 energi\u00e1b\u00f3l ker\u00fcl biztos\u00edt\u00e1sra. V\u00e1llalkoz\u00e1sunk ez\u00e1ltal el\u00e9rte a m\u0171k\u00f6d\u00e9si k\u00f6lts\u00e9gek fenntarthat\u00f3 m\u00f3don t\u00f6rt\u00e9n\u0151 cs\u00f6kkent\u00e9s\u00e9t.<\/p>\n\n\n\n<p>A projekt el\u0151seg\u00edti az \u00fcvegh\u00e1zhat\u00e1st okoz\u00f3 g\u00e1zok kibocs\u00e1t\u00e1s\u00e1nak m\u00e9rs\u00e9kl\u00e9s\u00e9t \u00e9s ez\u00e1ltal a k\u00f6rnyezet v\u00e9delm\u00e9t.<\/p>\n","protected":false},"excerpt":{"rendered":"<p>Napelemes rendszer beszerz\u00e9se \u00e9s telep\u00edt\u00e9se a K\u0150R\u00d6SHEGYF\u00c9M Bt-n\u00e9l. A K\u0150R\u00d6SHEGYF\u00c9M Bt. a Gazdas\u00e1gfejleszt\u00e9si \u00e9s Innov\u00e1ci\u00f3s Operat\u00edv Program keretein bel\u00fcl meghirdetett GINOP-4.1.4-19 k\u00f3dsz\u00e1m\u00fa, [&hellip;]<\/p>\n","protected":false},"author":1,"featured_media":0,"parent":0,"menu_order":0,"comment_status":"closed","ping_status":"closed","template":"page-templates\/page_fullwidth.php","meta":{"footnotes":""},"class_list":["post-972","page","type-page","status-publish","hentry"],"yoast_head":"<!-- This site is optimized with the Yoast SEO plugin v26.7 - https:\/\/yoast.com\/wordpress\/plugins\/seo\/ -->\n<title>P\u00e1ly\u00e1zatok - K\u0151r\u00f6shegyf\u00e9m Bt.<\/title>\n<meta name=\"description\" content=\"A ker\u00edt\u00e9spark 3D ker\u00edt\u00e9selemek, betonl\u00e1bazat, oszlopok, kieg\u00e9sz\u00edt\u0151k, tekercses dr\u00f3tfonatok \u00e9s kapuk\u00e9sz\u00edt\u00e9ssel foglalkozik.\" \/>\n<meta name=\"robots\" content=\"index, follow, max-snippet:-1, max-image-preview:large, max-video-preview:-1\" \/>\n<link rel=\"canonical\" href=\"https:\/\/koroshegyfem.hu\/index.php\/palyazatok\/\" \/>\n<meta property=\"og:locale\" content=\"hu_HU\" \/>\n<meta property=\"og:type\" content=\"article\" \/>\n<meta property=\"og:title\" content=\"P\u00e1ly\u00e1zatok - K\u0151r\u00f6shegyf\u00e9m Bt.\" \/>\n<meta property=\"og:description\" content=\"A ker\u00edt\u00e9spark 3D ker\u00edt\u00e9selemek, betonl\u00e1bazat, oszlopok, kieg\u00e9sz\u00edt\u0151k, tekercses dr\u00f3tfonatok \u00e9s kapuk\u00e9sz\u00edt\u00e9ssel foglalkozik.\" \/>\n<meta property=\"og:url\" content=\"https:\/\/koroshegyfem.hu\/index.php\/palyazatok\/\" \/>\n<meta property=\"og:site_name\" content=\"K\u0151r\u00f6shegyf\u00e9m Bt.\" \/>\n<meta property=\"article:modified_time\" content=\"2021-10-27T12:25:14+00:00\" \/>\n<meta name=\"twitter:card\" content=\"summary_large_image\" \/>\n<meta name=\"twitter:label1\" content=\"Becs\u00fclt olvas\u00e1si id\u0151\" \/>\n\t<meta name=\"twitter:data1\" content=\"2 perc\" \/>\n<script type=\"application\/ld+json\" class=\"yoast-schema-graph\">{\"@context\":\"https:\/\/schema.org\",\"@graph\":[{\"@type\":\"WebPage\",\"@id\":\"https:\/\/koroshegyfem.hu\/index.php\/palyazatok\/\",\"url\":\"https:\/\/koroshegyfem.hu\/index.php\/palyazatok\/\",\"name\":\"P\u00e1ly\u00e1zatok - K\u0151r\u00f6shegyf\u00e9m Bt.\",\"isPartOf\":{\"@id\":\"https:\/\/koroshegyfem.hu\/#website\"},\"datePublished\":\"2021-09-06T13:34:55+00:00\",\"dateModified\":\"2021-10-27T12:25:14+00:00\",\"description\":\"A ker\u00edt\u00e9spark 3D ker\u00edt\u00e9selemek, betonl\u00e1bazat, oszlopok, kieg\u00e9sz\u00edt\u0151k, tekercses dr\u00f3tfonatok \u00e9s kapuk\u00e9sz\u00edt\u00e9ssel foglalkozik.\",\"breadcrumb\":{\"@id\":\"https:\/\/koroshegyfem.hu\/index.php\/palyazatok\/#breadcrumb\"},\"inLanguage\":\"hu\",\"potentialAction\":[{\"@type\":\"ReadAction\",\"target\":[\"https:\/\/koroshegyfem.hu\/index.php\/palyazatok\/\"]}]},{\"@type\":\"BreadcrumbList\",\"@id\":\"https:\/\/koroshegyfem.hu\/index.php\/palyazatok\/#breadcrumb\",\"itemListElement\":[{\"@type\":\"ListItem\",\"position\":1,\"name\":\"Kezd\u0151lap\",\"item\":\"https:\/\/koroshegyfem.hu\/\"},{\"@type\":\"ListItem\",\"position\":2,\"name\":\"P\u00e1ly\u00e1zatok\"}]},{\"@type\":\"WebSite\",\"@id\":\"https:\/\/koroshegyfem.hu\/#website\",\"url\":\"https:\/\/koroshegyfem.hu\/\",\"name\":\"K\u0151r\u00f6shegyf\u00e9m Bt.\",\"description\":\"8617 K\u00f6r\u00f6shegy\",\"potentialAction\":[{\"@type\":\"SearchAction\",\"target\":{\"@type\":\"EntryPoint\",\"urlTemplate\":\"https:\/\/koroshegyfem.hu\/?s={search_term_string}\"},\"query-input\":{\"@type\":\"PropertyValueSpecification\",\"valueRequired\":true,\"valueName\":\"search_term_string\"}}],\"inLanguage\":\"hu\"}]}<\/script>\n<!-- \/ Yoast SEO plugin. -->","yoast_head_json":{"title":"P\u00e1ly\u00e1zatok - K\u0151r\u00f6shegyf\u00e9m Bt.","description":"A ker\u00edt\u00e9spark 3D ker\u00edt\u00e9selemek, betonl\u00e1bazat, oszlopok, kieg\u00e9sz\u00edt\u0151k, tekercses dr\u00f3tfonatok \u00e9s kapuk\u00e9sz\u00edt\u00e9ssel foglalkozik.","robots":{"index":"index","follow":"follow","max-snippet":"max-snippet:-1","max-image-preview":"max-image-preview:large","max-video-preview":"max-video-preview:-1"},"canonical":"https:\/\/koroshegyfem.hu\/index.php\/palyazatok\/","og_locale":"hu_HU","og_type":"article","og_title":"P\u00e1ly\u00e1zatok - K\u0151r\u00f6shegyf\u00e9m Bt.","og_description":"A ker\u00edt\u00e9spark 3D ker\u00edt\u00e9selemek, betonl\u00e1bazat, oszlopok, kieg\u00e9sz\u00edt\u0151k, tekercses dr\u00f3tfonatok \u00e9s kapuk\u00e9sz\u00edt\u00e9ssel foglalkozik.","og_url":"https:\/\/koroshegyfem.hu\/index.php\/palyazatok\/","og_site_name":"K\u0151r\u00f6shegyf\u00e9m Bt.","article_modified_time":"2021-10-27T12:25:14+00:00","twitter_card":"summary_large_image","twitter_misc":{"Becs\u00fclt olvas\u00e1si id\u0151":"2 perc"},"schema":{"@context":"https:\/\/schema.org","@graph":[{"@type":"WebPage","@id":"https:\/\/koroshegyfem.hu\/index.php\/palyazatok\/","url":"https:\/\/koroshegyfem.hu\/index.php\/palyazatok\/","name":"P\u00e1ly\u00e1zatok - K\u0151r\u00f6shegyf\u00e9m Bt.","isPartOf":{"@id":"https:\/\/koroshegyfem.hu\/#website"},"datePublished":"2021-09-06T13:34:55+00:00","dateModified":"2021-10-27T12:25:14+00:00","description":"A ker\u00edt\u00e9spark 3D ker\u00edt\u00e9selemek, betonl\u00e1bazat, oszlopok, kieg\u00e9sz\u00edt\u0151k, tekercses dr\u00f3tfonatok \u00e9s kapuk\u00e9sz\u00edt\u00e9ssel foglalkozik.","breadcrumb":{"@id":"https:\/\/koroshegyfem.hu\/index.php\/palyazatok\/#breadcrumb"},"inLanguage":"hu","potentialAction":[{"@type":"ReadAction","target":["https:\/\/koroshegyfem.hu\/index.php\/palyazatok\/"]}]},{"@type":"BreadcrumbList","@id":"https:\/\/koroshegyfem.hu\/index.php\/palyazatok\/#breadcrumb","itemListElement":[{"@type":"ListItem","position":1,"name":"Kezd\u0151lap","item":"https:\/\/koroshegyfem.hu\/"},{"@type":"ListItem","position":2,"name":"P\u00e1ly\u00e1zatok"}]},{"@type":"WebSite","@id":"https:\/\/koroshegyfem.hu\/#website","url":"https:\/\/koroshegyfem.hu\/","name":"K\u0151r\u00f6shegyf\u00e9m Bt.","description":"8617 K\u00f6r\u00f6shegy","potentialAction":[{"@type":"SearchAction","target":{"@type":"EntryPoint","urlTemplate":"https:\/\/koroshegyfem.hu\/?s={search_term_string}"},"query-input":{"@type":"PropertyValueSpecification","valueRequired":true,"valueName":"search_term_string"}}],"inLanguage":"hu"}]}},"_links":{"self":[{"href":"https:\/\/koroshegyfem.hu\/index.php\/wp-json\/wp\/v2\/pages\/972","targetHints":{"allow":["GET"]}}],"collection":[{"href":"https:\/\/koroshegyfem.hu\/index.php\/wp-json\/wp\/v2\/pages"}],"about":[{"href":"https:\/\/koroshegyfem.hu\/index.php\/wp-json\/wp\/v2\/types\/page"}],"author":[{"embeddable":true,"href":"https:\/\/koroshegyfem.hu\/index.php\/wp-json\/wp\/v2\/users\/1"}],"replies":[{"embeddable":true,"href":"https:\/\/koroshegyfem.hu\/index.php\/wp-json\/wp\/v2\/comments?post=972"}],"version-history":[{"count":3,"href":"https:\/\/koroshegyfem.hu\/index.php\/wp-json\/wp\/v2\/pages\/972\/revisions"}],"predecessor-version":[{"id":983,"href":"https:\/\/koroshegyfem.hu\/index.php\/wp-json\/wp\/v2\/pages\/972\/revisions\/983"}],"wp:attachment":[{"href":"https:\/\/koroshegyfem.hu\/index.php\/wp-json\/wp\/v2\/media?parent=972"}],"curies":[{"name":"wp","href":"https:\/\/api.w.org\/{rel}","templated":true}]}}