{"id":68,"date":"2017-02-16T07:55:18","date_gmt":"2017-02-16T07:55:18","guid":{"rendered":"http:\/\/dev.popupdesign.hu\/?page_id=68"},"modified":"2026-01-12T16:01:43","modified_gmt":"2026-01-12T15:01:43","slug":"szolgaltatasaink","status":"publish","type":"page","link":"https:\/\/koroshegyfem.hu\/index.php\/szolgaltatasaink\/","title":{"rendered":"Szolg\u00e1ltat\u00e1saink"},"content":{"rendered":"<p><em><strong>Az 1996-ban alakult, 100%-ban magyar tulajdon\u00fa csal\u00e1di v\u00e1llalkoz\u00e1s\u00a0a kezdetetkben \u00a0kerti szersz\u00e1mok gy\u00e1rt\u00e1s\u00e1val\u00a0 indult.<\/strong><\/em><\/p>\n<p><em><strong>Ma m\u00e1r a megn\u00f6vekedett \u00a0ig\u00e9nyek miatt t\u00f6bb, mint\u00a060 f\u00e9le term\u00e9kkel szolg\u00e1lhatunk a nagykeresked\u0151k \u00e9s az export\u0151r\u00f6k r\u00e9sz\u00e9re.<\/strong><\/em><\/p>\n<p>&nbsp;<\/p>\n<p><em><strong>2<\/strong><strong>020 \u00f3ta v\u00e1llaljuk kiv\u00e1g\u00f3- \u00e9s m\u00e9lyh\u00faz\u00f3 pr\u00e9sszersz\u00e1mok tervez\u00e9s\u00e9t \u00e9s gy\u00e1rt\u00e1s\u00e1t.\u00a0<\/strong><\/em><\/p>\n<p>(P\u00e9lda: Utols\u00f3 munk\u00e1nk egy talicskaputtony gy\u00e1rt\u00f3 szersz\u00e1m volt 72,5 MFt \u00e9rt\u00e9kben.)<\/p>\n<p>&nbsp;<\/p>\n<p><em><strong>A szersz\u00e1mgy\u00e1rt\u00e1s mellett v\u00e1llalunk k\u00fcl\u00f6nb\u00f6z\u0151 b\u00e9rmunk\u00e1kat is, el\u0151zetes egyeztet\u00e9s ut\u00e1n.<\/strong><\/em><\/p>\n<p>&nbsp;<\/p>\n<p><em><strong>Lakatosmunk\u00e1k keretein bel\u00fcl v\u00e1llalunk:<\/strong><\/em><\/p>\n<ul>\n<li><em><strong>lemezmegmunk\u00e1l\u00e1st<\/strong><\/em><\/li>\n<li><em><strong>hegeszt\u00e9st<\/strong><\/em><\/li>\n<li><em><strong>lemezdarabol\u00e1st<\/strong><\/em><\/li>\n<li><em><strong>eszterga megmunk\u00e1l\u00e1st<\/strong><\/em><\/li>\n<\/ul>\n<p><em><strong>\u00dczem\u00fcnkben 2006 tavasz\u00e1n \u00fczemelt\u00fcnk be egy \u00faj elektrosztatikus porfest\u0151 berendez\u00e9st. Ez a k\u00e9sz\u00fcl\u00e9k alkalmas nagy darabsz\u00e1m\u00fa sz\u00e9ri\u00e1k fest\u00e9s\u00e9re, de term\u00e9szetesen v\u00e1llaljuk kisebb t\u00e9telek szinterez\u00e9s\u00e9t is.<\/strong><\/em><\/p>\n<h5><\/h5>\n","protected":false},"excerpt":{"rendered":"<p>Az 1996-ban alakult, 100%-ban magyar tulajdon\u00fa csal\u00e1di v\u00e1llalkoz\u00e1s\u00a0a kezdetetkben \u00a0kerti szersz\u00e1mok gy\u00e1rt\u00e1s\u00e1val\u00a0 indult. Ma m\u00e1r a megn\u00f6vekedett \u00a0ig\u00e9nyek miatt t\u00f6bb, mint\u00a060 f\u00e9le [&hellip;]<\/p>\n","protected":false},"author":1,"featured_media":0,"parent":0,"menu_order":0,"comment_status":"closed","ping_status":"closed","template":"page-templates\/page_fullwidth.php","meta":{"footnotes":""},"class_list":["post-68","page","type-page","status-publish","hentry"],"yoast_head":"<!-- This site is optimized with the Yoast SEO plugin v26.7 - https:\/\/yoast.com\/wordpress\/plugins\/seo\/ -->\n<title>Szolg\u00e1ltat\u00e1saink - K\u0151r\u00f6shegyf\u00e9m Bt.<\/title>\n<meta name=\"description\" content=\"A ker\u00edt\u00e9spark 3D ker\u00edt\u00e9selemek, betonl\u00e1bazat, oszlopok, kieg\u00e9sz\u00edt\u0151k, tekercses dr\u00f3tfonatok \u00e9s kapuk\u00e9sz\u00edt\u00e9ssel foglalkozik.\" \/>\n<meta name=\"robots\" content=\"index, follow, max-snippet:-1, max-image-preview:large, max-video-preview:-1\" \/>\n<link rel=\"canonical\" href=\"https:\/\/koroshegyfem.hu\/index.php\/szolgaltatasaink\/\" \/>\n<meta property=\"og:locale\" content=\"hu_HU\" \/>\n<meta property=\"og:type\" content=\"article\" \/>\n<meta property=\"og:title\" content=\"Szolg\u00e1ltat\u00e1saink - K\u0151r\u00f6shegyf\u00e9m Bt.\" \/>\n<meta property=\"og:description\" content=\"A ker\u00edt\u00e9spark 3D ker\u00edt\u00e9selemek, betonl\u00e1bazat, oszlopok, kieg\u00e9sz\u00edt\u0151k, tekercses dr\u00f3tfonatok \u00e9s kapuk\u00e9sz\u00edt\u00e9ssel foglalkozik.\" \/>\n<meta property=\"og:url\" content=\"https:\/\/koroshegyfem.hu\/index.php\/szolgaltatasaink\/\" \/>\n<meta property=\"og:site_name\" content=\"K\u0151r\u00f6shegyf\u00e9m Bt.\" \/>\n<meta property=\"article:modified_time\" content=\"2026-01-12T15:01:43+00:00\" \/>\n<meta name=\"twitter:card\" content=\"summary_large_image\" \/>\n<meta name=\"twitter:label1\" content=\"Becs\u00fclt olvas\u00e1si id\u0151\" \/>\n\t<meta name=\"twitter:data1\" content=\"1 perc\" \/>\n<script type=\"application\/ld+json\" class=\"yoast-schema-graph\">{\"@context\":\"https:\/\/schema.org\",\"@graph\":[{\"@type\":\"WebPage\",\"@id\":\"https:\/\/koroshegyfem.hu\/index.php\/szolgaltatasaink\/\",\"url\":\"https:\/\/koroshegyfem.hu\/index.php\/szolgaltatasaink\/\",\"name\":\"Szolg\u00e1ltat\u00e1saink - K\u0151r\u00f6shegyf\u00e9m Bt.\",\"isPartOf\":{\"@id\":\"https:\/\/koroshegyfem.hu\/#website\"},\"datePublished\":\"2017-02-16T07:55:18+00:00\",\"dateModified\":\"2026-01-12T15:01:43+00:00\",\"description\":\"A ker\u00edt\u00e9spark 3D ker\u00edt\u00e9selemek, betonl\u00e1bazat, oszlopok, kieg\u00e9sz\u00edt\u0151k, tekercses dr\u00f3tfonatok \u00e9s kapuk\u00e9sz\u00edt\u00e9ssel foglalkozik.\",\"breadcrumb\":{\"@id\":\"https:\/\/koroshegyfem.hu\/index.php\/szolgaltatasaink\/#breadcrumb\"},\"inLanguage\":\"hu\",\"potentialAction\":[{\"@type\":\"ReadAction\",\"target\":[\"https:\/\/koroshegyfem.hu\/index.php\/szolgaltatasaink\/\"]}]},{\"@type\":\"BreadcrumbList\",\"@id\":\"https:\/\/koroshegyfem.hu\/index.php\/szolgaltatasaink\/#breadcrumb\",\"itemListElement\":[{\"@type\":\"ListItem\",\"position\":1,\"name\":\"Kezd\u0151lap\",\"item\":\"https:\/\/koroshegyfem.hu\/\"},{\"@type\":\"ListItem\",\"position\":2,\"name\":\"Szolg\u00e1ltat\u00e1saink\"}]},{\"@type\":\"WebSite\",\"@id\":\"https:\/\/koroshegyfem.hu\/#website\",\"url\":\"https:\/\/koroshegyfem.hu\/\",\"name\":\"K\u0151r\u00f6shegyf\u00e9m Bt.\",\"description\":\"8617 K\u00f6r\u00f6shegy\",\"potentialAction\":[{\"@type\":\"SearchAction\",\"target\":{\"@type\":\"EntryPoint\",\"urlTemplate\":\"https:\/\/koroshegyfem.hu\/?s={search_term_string}\"},\"query-input\":{\"@type\":\"PropertyValueSpecification\",\"valueRequired\":true,\"valueName\":\"search_term_string\"}}],\"inLanguage\":\"hu\"}]}<\/script>\n<!-- \/ Yoast SEO plugin. -->","yoast_head_json":{"title":"Szolg\u00e1ltat\u00e1saink - K\u0151r\u00f6shegyf\u00e9m Bt.","description":"A ker\u00edt\u00e9spark 3D ker\u00edt\u00e9selemek, betonl\u00e1bazat, oszlopok, kieg\u00e9sz\u00edt\u0151k, tekercses dr\u00f3tfonatok \u00e9s kapuk\u00e9sz\u00edt\u00e9ssel foglalkozik.","robots":{"index":"index","follow":"follow","max-snippet":"max-snippet:-1","max-image-preview":"max-image-preview:large","max-video-preview":"max-video-preview:-1"},"canonical":"https:\/\/koroshegyfem.hu\/index.php\/szolgaltatasaink\/","og_locale":"hu_HU","og_type":"article","og_title":"Szolg\u00e1ltat\u00e1saink - K\u0151r\u00f6shegyf\u00e9m Bt.","og_description":"A ker\u00edt\u00e9spark 3D ker\u00edt\u00e9selemek, betonl\u00e1bazat, oszlopok, kieg\u00e9sz\u00edt\u0151k, tekercses dr\u00f3tfonatok \u00e9s kapuk\u00e9sz\u00edt\u00e9ssel foglalkozik.","og_url":"https:\/\/koroshegyfem.hu\/index.php\/szolgaltatasaink\/","og_site_name":"K\u0151r\u00f6shegyf\u00e9m Bt.","article_modified_time":"2026-01-12T15:01:43+00:00","twitter_card":"summary_large_image","twitter_misc":{"Becs\u00fclt olvas\u00e1si id\u0151":"1 perc"},"schema":{"@context":"https:\/\/schema.org","@graph":[{"@type":"WebPage","@id":"https:\/\/koroshegyfem.hu\/index.php\/szolgaltatasaink\/","url":"https:\/\/koroshegyfem.hu\/index.php\/szolgaltatasaink\/","name":"Szolg\u00e1ltat\u00e1saink - K\u0151r\u00f6shegyf\u00e9m Bt.","isPartOf":{"@id":"https:\/\/koroshegyfem.hu\/#website"},"datePublished":"2017-02-16T07:55:18+00:00","dateModified":"2026-01-12T15:01:43+00:00","description":"A ker\u00edt\u00e9spark 3D ker\u00edt\u00e9selemek, betonl\u00e1bazat, oszlopok, kieg\u00e9sz\u00edt\u0151k, tekercses dr\u00f3tfonatok \u00e9s kapuk\u00e9sz\u00edt\u00e9ssel foglalkozik.","breadcrumb":{"@id":"https:\/\/koroshegyfem.hu\/index.php\/szolgaltatasaink\/#breadcrumb"},"inLanguage":"hu","potentialAction":[{"@type":"ReadAction","target":["https:\/\/koroshegyfem.hu\/index.php\/szolgaltatasaink\/"]}]},{"@type":"BreadcrumbList","@id":"https:\/\/koroshegyfem.hu\/index.php\/szolgaltatasaink\/#breadcrumb","itemListElement":[{"@type":"ListItem","position":1,"name":"Kezd\u0151lap","item":"https:\/\/koroshegyfem.hu\/"},{"@type":"ListItem","position":2,"name":"Szolg\u00e1ltat\u00e1saink"}]},{"@type":"WebSite","@id":"https:\/\/koroshegyfem.hu\/#website","url":"https:\/\/koroshegyfem.hu\/","name":"K\u0151r\u00f6shegyf\u00e9m Bt.","description":"8617 K\u00f6r\u00f6shegy","potentialAction":[{"@type":"SearchAction","target":{"@type":"EntryPoint","urlTemplate":"https:\/\/koroshegyfem.hu\/?s={search_term_string}"},"query-input":{"@type":"PropertyValueSpecification","valueRequired":true,"valueName":"search_term_string"}}],"inLanguage":"hu"}]}},"_links":{"self":[{"href":"https:\/\/koroshegyfem.hu\/index.php\/wp-json\/wp\/v2\/pages\/68","targetHints":{"allow":["GET"]}}],"collection":[{"href":"https:\/\/koroshegyfem.hu\/index.php\/wp-json\/wp\/v2\/pages"}],"about":[{"href":"https:\/\/koroshegyfem.hu\/index.php\/wp-json\/wp\/v2\/types\/page"}],"author":[{"embeddable":true,"href":"https:\/\/koroshegyfem.hu\/index.php\/wp-json\/wp\/v2\/users\/1"}],"replies":[{"embeddable":true,"href":"https:\/\/koroshegyfem.hu\/index.php\/wp-json\/wp\/v2\/comments?post=68"}],"version-history":[{"count":2,"href":"https:\/\/koroshegyfem.hu\/index.php\/wp-json\/wp\/v2\/pages\/68\/revisions"}],"predecessor-version":[{"id":1199,"href":"https:\/\/koroshegyfem.hu\/index.php\/wp-json\/wp\/v2\/pages\/68\/revisions\/1199"}],"wp:attachment":[{"href":"https:\/\/koroshegyfem.hu\/index.php\/wp-json\/wp\/v2\/media?parent=68"}],"curies":[{"name":"wp","href":"https:\/\/api.w.org\/{rel}","templated":true}]}}