{"id":324,"date":"2015-12-13T08:29:01","date_gmt":"2015-12-13T08:29:01","guid":{"rendered":"http:\/\/dev.popupdesign.hu\/?page_id=2"},"modified":"2025-05-08T13:29:50","modified_gmt":"2025-05-08T12:29:50","slug":"ez-egy-minta-oldal","status":"publish","type":"page","link":"https:\/\/koroshegyfem.hu\/","title":{"rendered":"Bemutatkoz\u00e1s"},"content":{"rendered":"<p align=\"justify\"><em><strong>A K\u0151r\u00f6shegyf\u00e9m Bt. 1996 \u00f3ta m\u0171k\u00f6dik csal\u00e1di v\u00e1llalkoz\u00e1s keretein bel\u00fcl. Kezdetben&nbsp;m\u00e9g a c\u00e9g\u00fcnk csak kerti szersz\u00e1mok k\u00e9sz\u00edt\u00e9s\u00e9vel foglalkozott.<\/strong><\/em><\/p>\n<p align=\"justify\"><em><strong>Az indul\u00f3 2-3 f\u00e9le term\u00e9k ut\u00e1n, ma m\u00e1r mintegy 60 k\u00fcl\u00f6nb\u00f6z\u0151 kerti-, k\u0151m\u0171ves- \u00e9s fest\u0151szersz\u00e1m, f\u0171r\u00e9sz szerepel a k\u00edn\u00e1latunkban. Gy\u00e1rt\u00f3\u00fczem\u00fcnkben m\u00e1r 1000 m2-en folyik a termel\u00e9s. V\u00e1laszt\u00e9kunkat folyamatosan b\u0151v\u00edtj\u00fck, \u00e9vente 1-2 \u00fajabb , saj\u00e1t term\u00e9kkel sz\u00e9les\u00edtj\u00fck palett\u00e1nkat.<\/strong><\/em><\/p>\n<p align=\"justify\"><em><strong>Gy\u00e1rt\u00f3i tev\u00e9kenys\u00e9g\u00fcnk kiz\u00e1r\u00f3lag nagykeresked\u0151k fel\u00e9 ir\u00e1nyul.<\/strong><\/em><\/p>\n<p align=\"justify\"><em><strong>2006-ban saj\u00e1t porfest\u0151 r\u00e9szleget \u00fczemelt\u00fcnk be, ahol a term\u00e9keinket &nbsp;&#8211; a min\u0151s\u00e9gi \u00e9s k\u00f6rnyezetv\u00e9delmi k\u00edv\u00e1nalmaknak megfelel\u0151en &#8211; egy speci\u00e1lis bevonattal l\u00e1tjuk el, ez\u00e1ltal az eszk\u00f6z\u00f6knek hosszabb \u00e9lettartamot biztos\u00edtva. Fest\u0151r\u00e9szleg\u00fcnkben a saj\u00e1t term\u00e9kek fest\u00e9s\u00e9n k\u00edv\u00fcl b\u00e9rfest\u00e9st is v\u00e1lalunk.<\/strong><\/em><\/p>\n<p align=\"justify\"><em><strong>Gy\u00e1rtm\u00e1nyaink az EU t\u00f6bb orsz\u00e1g\u00e1ban elismert term\u00e9kek. Nagyobb megrendel\u00e9s eset\u00e9n saj\u00e1t g\u00e9pparkkal sz\u00e1ll\u00edt\u00e1st is v\u00e1llalunk.<\/strong><\/em><\/p>\n<p align=\"justify\"><em><strong>A fest\u00e9sen k\u00edv\u00fcl v\u00e1llalunk eszterg\u00e1lyoz\u00e1st, mar\u00e1st lemezmegmunk\u00e1l\u00e1st, k\u00fcl\u00f6nb\u00f6z\u0151 lakatosmunk\u00e1kat, valamint egyedi megrendel\u00e9seket is teljes\u00edt\u00fcnk.<\/strong><\/em><\/p>\n<p align=\"justify\"><em><strong>C\u00e9g\u00fcnk a legkorszer\u0171bb berendez\u00e9seket v\u00e1s\u00e1rolta meg, fejleszt\u00e9sink r\u00e9v\u00e9n mindig naprak\u00e9szek vagyunk.<\/strong><\/em><\/p>\n<p align=\"justify\"><em><strong>A min\u0151s\u00e9g, a pontoss\u00e1g \u00e9s a megb\u00edzhat\u00f3s\u00e1gunk garancia arra, hogy \u00fcgyf\u00e9lk\u00f6r\u00fcnk az \u00e9vek sor\u00e1n folyamatosan b\u0151v\u00fcl.<\/strong><\/em><em><span style=\"font-size: medium;\">&nbsp; &nbsp; &nbsp; &nbsp; &nbsp; &nbsp; &nbsp; &nbsp; &nbsp; &nbsp; &nbsp; &nbsp; &nbsp; &nbsp; &nbsp; &nbsp; &nbsp; &nbsp; &nbsp; &nbsp; &nbsp; &nbsp; &nbsp; &nbsp; &nbsp;<\/span><\/em><\/p>\n\n\n<div id=\"envira-gallery-wrap-976\" class=\"envira-gallery-wrap envira-gallery-theme-base envira-lightbox-theme-base\" itemscope itemtype=\"https:\/\/schema.org\/ImageGallery\"><div data-row-height=\"150\" data-gallery-theme=\"normal\" id=\"envira-gallery-976\" class=\"envira-gallery-public envira-gallery-justified-public envira-gallery-0-columns envira-clear enviratope envira-gallery-css-animations\" data-envira-columns=\"0\"><div id=\"envira-gallery-item-970\" class=\"envira-gallery-item enviratope-item envira-gallery-item-1 envira-lazy-load\" style=\"padding-left: 5px; padding-bottom: 10px; padding-right: 5px;\"  itemscope itemtype=\"https:\/\/schema.org\/ImageObject\"><div class=\"envira-gallery-item-inner\"><div class=\"envira-gallery-position-overlay  envira-gallery-top-left\"><\/div><div class=\"envira-gallery-position-overlay  envira-gallery-top-right\"><\/div><div class=\"envira-gallery-position-overlay  envira-gallery-bottom-left\"><\/div><div class=\"envira-gallery-position-overlay  envira-gallery-bottom-right\"><\/div><a href=\"https:\/\/koroshegyfem.hu\/wp-content\/uploads\/2021\/09\/napelem.jpg\" class=\"envira-gallery-976 envira-gallery-link\" rel=\"enviragallery976\" title=\"napelem\" data-envira-caption=\"napelem\" data-envira-retina=\"\" data-thumbnail=\"\"  itemprop=\"contentUrl\"><img decoding=\"async\" id=\"envira-gallery-image-970\" class=\"envira-gallery-image envira-gallery-image-1 envira-normal envira-lazy\" data-envira-index=\"1\" src=\"https:\/\/koroshegyfem.hu\/wp-content\/uploads\/2021\/09\/napelem-1024x708-640x480.jpg\" data-envira-src=\"https:\/\/koroshegyfem.hu\/wp-content\/uploads\/2021\/09\/napelem-1024x708-640x480.jpg\" data-envira-gallery-id=\"976\" data-envira-item-id=\"970\" data-envira-caption=\"napelem\" alt=\"\" title=\"napelem\"  itemprop=\"thumbnailUrl\" data-envira-srcset=\"https:\/\/koroshegyfem.hu\/wp-content\/uploads\/2021\/09\/napelem-1024x708-640x480.jpg 400w,https:\/\/koroshegyfem.hu\/wp-content\/uploads\/2021\/09\/napelem-1024x708-640x480.jpg 2x\" data-envira-width=\"300\" data-envira-height=\"207\" srcset=\"data:image\/gif;base64,R0lGODlhAQABAIAAAP\/\/\/\/\/\/\/yH5BAEKAAEALAAAAAABAAEAAAICTAEAOw==\" data-safe-src=\"data:image\/gif;base64,R0lGODlhAQABAIAAAP\/\/\/\/\/\/\/yH5BAEKAAEALAAAAAABAAEAAAICTAEAOw==\" \/><\/a><\/div><\/div><\/div><\/div><noscript><img decoding=\"async\" src=\"https:\/\/koroshegyfem.hu\/wp-content\/uploads\/2021\/09\/napelem.jpg\" alt=\"\" \/><\/noscript>\n","protected":false},"excerpt":{"rendered":"<p>A K\u0151r\u00f6shegyf\u00e9m Bt. 1996 \u00f3ta m\u0171k\u00f6dik csal\u00e1di v\u00e1llalkoz\u00e1s keretein bel\u00fcl. Kezdetben&nbsp;m\u00e9g a c\u00e9g\u00fcnk csak kerti szersz\u00e1mok k\u00e9sz\u00edt\u00e9s\u00e9vel foglalkozott. Az indul\u00f3 2-3 f\u00e9le [&hellip;]<\/p>\n","protected":false},"author":1,"featured_media":0,"parent":0,"menu_order":0,"comment_status":"closed","ping_status":"open","template":"page-templates\/page_fullwidth.php","meta":{"footnotes":""},"class_list":["post-324","page","type-page","status-publish","hentry"],"yoast_head":"<!-- This site is optimized with the Yoast SEO plugin v26.7 - https:\/\/yoast.com\/wordpress\/plugins\/seo\/ -->\n<title>Bemutatkoz\u00e1s - K\u0151r\u00f6shegyf\u00e9m Bt.<\/title>\n<meta name=\"description\" content=\"A ker\u00edt\u00e9spark 3D ker\u00edt\u00e9selemek, betonl\u00e1bazat, oszlopok, kieg\u00e9sz\u00edt\u0151k, tekercses dr\u00f3tfonatok \u00e9s kapuk\u00e9sz\u00edt\u00e9ssel foglalkozik.\" \/>\n<meta name=\"robots\" content=\"index, follow, max-snippet:-1, max-image-preview:large, max-video-preview:-1\" \/>\n<link rel=\"canonical\" href=\"https:\/\/koroshegyfem.hu\/\" \/>\n<meta property=\"og:locale\" content=\"hu_HU\" \/>\n<meta property=\"og:type\" content=\"article\" \/>\n<meta property=\"og:title\" content=\"Bemutatkoz\u00e1s - K\u0151r\u00f6shegyf\u00e9m Bt.\" \/>\n<meta property=\"og:description\" content=\"A ker\u00edt\u00e9spark 3D ker\u00edt\u00e9selemek, betonl\u00e1bazat, oszlopok, kieg\u00e9sz\u00edt\u0151k, tekercses dr\u00f3tfonatok \u00e9s kapuk\u00e9sz\u00edt\u00e9ssel foglalkozik.\" \/>\n<meta property=\"og:url\" content=\"https:\/\/koroshegyfem.hu\/\" \/>\n<meta property=\"og:site_name\" content=\"K\u0151r\u00f6shegyf\u00e9m Bt.\" \/>\n<meta property=\"article:modified_time\" content=\"2025-05-08T12:29:50+00:00\" \/>\n<meta name=\"twitter:card\" content=\"summary_large_image\" \/>\n<meta name=\"twitter:label1\" content=\"Becs\u00fclt olvas\u00e1si id\u0151\" \/>\n\t<meta name=\"twitter:data1\" content=\"1 perc\" \/>\n<script type=\"application\/ld+json\" class=\"yoast-schema-graph\">{\"@context\":\"https:\/\/schema.org\",\"@graph\":[{\"@type\":\"WebPage\",\"@id\":\"https:\/\/koroshegyfem.hu\/\",\"url\":\"https:\/\/koroshegyfem.hu\/\",\"name\":\"Bemutatkoz\u00e1s - K\u0151r\u00f6shegyf\u00e9m Bt.\",\"isPartOf\":{\"@id\":\"https:\/\/koroshegyfem.hu\/#website\"},\"datePublished\":\"2015-12-13T08:29:01+00:00\",\"dateModified\":\"2025-05-08T12:29:50+00:00\",\"description\":\"A ker\u00edt\u00e9spark 3D ker\u00edt\u00e9selemek, betonl\u00e1bazat, oszlopok, kieg\u00e9sz\u00edt\u0151k, tekercses dr\u00f3tfonatok \u00e9s kapuk\u00e9sz\u00edt\u00e9ssel foglalkozik.\",\"breadcrumb\":{\"@id\":\"https:\/\/koroshegyfem.hu\/#breadcrumb\"},\"inLanguage\":\"hu\",\"potentialAction\":[{\"@type\":\"ReadAction\",\"target\":[\"https:\/\/koroshegyfem.hu\/\"]}]},{\"@type\":\"BreadcrumbList\",\"@id\":\"https:\/\/koroshegyfem.hu\/#breadcrumb\",\"itemListElement\":[{\"@type\":\"ListItem\",\"position\":1,\"name\":\"Kezd\u0151lap\",\"item\":\"https:\/\/koroshegyfem.hu\/\"},{\"@type\":\"ListItem\",\"position\":2,\"name\":\"Bemutatkoz\u00e1s\"}]},{\"@type\":\"WebSite\",\"@id\":\"https:\/\/koroshegyfem.hu\/#website\",\"url\":\"https:\/\/koroshegyfem.hu\/\",\"name\":\"K\u0151r\u00f6shegyf\u00e9m Bt.\",\"description\":\"8617 K\u00f6r\u00f6shegy\",\"potentialAction\":[{\"@type\":\"SearchAction\",\"target\":{\"@type\":\"EntryPoint\",\"urlTemplate\":\"https:\/\/koroshegyfem.hu\/?s={search_term_string}\"},\"query-input\":{\"@type\":\"PropertyValueSpecification\",\"valueRequired\":true,\"valueName\":\"search_term_string\"}}],\"inLanguage\":\"hu\"}]}<\/script>\n<!-- \/ Yoast SEO plugin. -->","yoast_head_json":{"title":"Bemutatkoz\u00e1s - K\u0151r\u00f6shegyf\u00e9m Bt.","description":"A ker\u00edt\u00e9spark 3D ker\u00edt\u00e9selemek, betonl\u00e1bazat, oszlopok, kieg\u00e9sz\u00edt\u0151k, tekercses dr\u00f3tfonatok \u00e9s kapuk\u00e9sz\u00edt\u00e9ssel foglalkozik.","robots":{"index":"index","follow":"follow","max-snippet":"max-snippet:-1","max-image-preview":"max-image-preview:large","max-video-preview":"max-video-preview:-1"},"canonical":"https:\/\/koroshegyfem.hu\/","og_locale":"hu_HU","og_type":"article","og_title":"Bemutatkoz\u00e1s - K\u0151r\u00f6shegyf\u00e9m Bt.","og_description":"A ker\u00edt\u00e9spark 3D ker\u00edt\u00e9selemek, betonl\u00e1bazat, oszlopok, kieg\u00e9sz\u00edt\u0151k, tekercses dr\u00f3tfonatok \u00e9s kapuk\u00e9sz\u00edt\u00e9ssel foglalkozik.","og_url":"https:\/\/koroshegyfem.hu\/","og_site_name":"K\u0151r\u00f6shegyf\u00e9m Bt.","article_modified_time":"2025-05-08T12:29:50+00:00","twitter_card":"summary_large_image","twitter_misc":{"Becs\u00fclt olvas\u00e1si id\u0151":"1 perc"},"schema":{"@context":"https:\/\/schema.org","@graph":[{"@type":"WebPage","@id":"https:\/\/koroshegyfem.hu\/","url":"https:\/\/koroshegyfem.hu\/","name":"Bemutatkoz\u00e1s - K\u0151r\u00f6shegyf\u00e9m Bt.","isPartOf":{"@id":"https:\/\/koroshegyfem.hu\/#website"},"datePublished":"2015-12-13T08:29:01+00:00","dateModified":"2025-05-08T12:29:50+00:00","description":"A ker\u00edt\u00e9spark 3D ker\u00edt\u00e9selemek, betonl\u00e1bazat, oszlopok, kieg\u00e9sz\u00edt\u0151k, tekercses dr\u00f3tfonatok \u00e9s kapuk\u00e9sz\u00edt\u00e9ssel foglalkozik.","breadcrumb":{"@id":"https:\/\/koroshegyfem.hu\/#breadcrumb"},"inLanguage":"hu","potentialAction":[{"@type":"ReadAction","target":["https:\/\/koroshegyfem.hu\/"]}]},{"@type":"BreadcrumbList","@id":"https:\/\/koroshegyfem.hu\/#breadcrumb","itemListElement":[{"@type":"ListItem","position":1,"name":"Kezd\u0151lap","item":"https:\/\/koroshegyfem.hu\/"},{"@type":"ListItem","position":2,"name":"Bemutatkoz\u00e1s"}]},{"@type":"WebSite","@id":"https:\/\/koroshegyfem.hu\/#website","url":"https:\/\/koroshegyfem.hu\/","name":"K\u0151r\u00f6shegyf\u00e9m Bt.","description":"8617 K\u00f6r\u00f6shegy","potentialAction":[{"@type":"SearchAction","target":{"@type":"EntryPoint","urlTemplate":"https:\/\/koroshegyfem.hu\/?s={search_term_string}"},"query-input":{"@type":"PropertyValueSpecification","valueRequired":true,"valueName":"search_term_string"}}],"inLanguage":"hu"}]}},"_links":{"self":[{"href":"https:\/\/koroshegyfem.hu\/index.php\/wp-json\/wp\/v2\/pages\/324","targetHints":{"allow":["GET"]}}],"collection":[{"href":"https:\/\/koroshegyfem.hu\/index.php\/wp-json\/wp\/v2\/pages"}],"about":[{"href":"https:\/\/koroshegyfem.hu\/index.php\/wp-json\/wp\/v2\/types\/page"}],"author":[{"embeddable":true,"href":"https:\/\/koroshegyfem.hu\/index.php\/wp-json\/wp\/v2\/users\/1"}],"replies":[{"embeddable":true,"href":"https:\/\/koroshegyfem.hu\/index.php\/wp-json\/wp\/v2\/comments?post=324"}],"version-history":[{"count":8,"href":"https:\/\/koroshegyfem.hu\/index.php\/wp-json\/wp\/v2\/pages\/324\/revisions"}],"predecessor-version":[{"id":979,"href":"https:\/\/koroshegyfem.hu\/index.php\/wp-json\/wp\/v2\/pages\/324\/revisions\/979"}],"wp:attachment":[{"href":"https:\/\/koroshegyfem.hu\/index.php\/wp-json\/wp\/v2\/media?parent=324"}],"curies":[{"name":"wp","href":"https:\/\/api.w.org\/{rel}","templated":true}]}}