{"id":1200,"date":"2026-01-16T12:59:59","date_gmt":"2026-01-16T11:59:59","guid":{"rendered":"https:\/\/koroshegyfem.hu\/?page_id=1200"},"modified":"2026-01-16T13:08:52","modified_gmt":"2026-01-16T12:08:52","slug":"lezervagas","status":"publish","type":"page","link":"https:\/\/koroshegyfem.hu\/index.php\/lezervagas\/","title":{"rendered":"L\u00e9zerv\u00e1g\u00e1s"},"content":{"rendered":"<h3 data-start=\"125\" data-end=\"185\"><\/h3>\n<h3 data-start=\"125\" data-end=\"185\">L\u00e9zerv\u00e1gott ker\u00edt\u00e9sek \u2013 a Ker\u00edt\u00e9sPark 2026-os \u00fajdons\u00e1ga<\/h3>\n<h3 data-start=\"125\" data-end=\"185\"><img loading=\"lazy\" decoding=\"async\" class=\"size-medium wp-image-1202 alignleft\" src=\"https:\/\/koroshegyfem.hu\/wp-content\/uploads\/2026\/01\/ChatGPT-Image-2026.-jan.-16.-11_47_42-300x300.png\" alt=\"\" width=\"300\" height=\"300\" srcset=\"https:\/\/koroshegyfem.hu\/wp-content\/uploads\/2026\/01\/ChatGPT-Image-2026.-jan.-16.-11_47_42-300x300.png 300w, https:\/\/koroshegyfem.hu\/wp-content\/uploads\/2026\/01\/ChatGPT-Image-2026.-jan.-16.-11_47_42-150x150.png 150w, https:\/\/koroshegyfem.hu\/wp-content\/uploads\/2026\/01\/ChatGPT-Image-2026.-jan.-16.-11_47_42-768x768.png 768w, https:\/\/koroshegyfem.hu\/wp-content\/uploads\/2026\/01\/ChatGPT-Image-2026.-jan.-16.-11_47_42-1000x1000.png 1000w, https:\/\/koroshegyfem.hu\/wp-content\/uploads\/2026\/01\/ChatGPT-Image-2026.-jan.-16.-11_47_42-230x230.png 230w, https:\/\/koroshegyfem.hu\/wp-content\/uploads\/2026\/01\/ChatGPT-Image-2026.-jan.-16.-11_47_42-350x350.png 350w, https:\/\/koroshegyfem.hu\/wp-content\/uploads\/2026\/01\/ChatGPT-Image-2026.-jan.-16.-11_47_42-480x480.png 480w, https:\/\/koroshegyfem.hu\/wp-content\/uploads\/2026\/01\/ChatGPT-Image-2026.-jan.-16.-11_47_42.png 1024w\" sizes=\"auto, (max-width: 300px) 100vw, 300px\" \/><\/h3>\n<h3 data-start=\"125\" data-end=\"185\"><\/h3>\n<p data-start=\"187\" data-end=\"423\">\n<p data-start=\"187\" data-end=\"423\">\n<p data-start=\"187\" data-end=\"423\">\n<p data-start=\"187\" data-end=\"423\">\n<p data-start=\"187\" data-end=\"423\">\n<p data-start=\"187\" data-end=\"423\">\n<p data-start=\"187\" data-end=\"423\">\n<p data-start=\"187\" data-end=\"423\">\n<p data-start=\"187\" data-end=\"423\">A <strong data-start=\"189\" data-end=\"212\">l\u00e9zerv\u00e1gott ker\u00edt\u00e9s<\/strong> a Ker\u00edt\u00e9s Park egyik legn\u00e9pszer\u0171bb megold\u00e1sa, amely <strong data-start=\"265\" data-end=\"300\">2026 \u00f3ta el\u00e9rhet\u0151 k\u00edn\u00e1latunkban<\/strong>. A modern l\u00e9zerv\u00e1g\u00e1si technol\u00f3gi\u00e1nak k\u00f6sz\u00f6nhet\u0151en prec\u00edz kivitelez\u00e9s\u0171, egyedi mint\u00e1zat\u00fa \u00e9s id\u0151t\u00e1ll\u00f3 ker\u00edt\u00e9seket k\u00e9sz\u00edt\u00fcnk.<\/p>\n<p data-start=\"425\" data-end=\"733\">A l\u00e9zerv\u00e1g\u00e1s lehet\u0151v\u00e9 teszi <strong data-start=\"453\" data-end=\"473\">egyedi ker\u00edt\u00e9sek<\/strong> megval\u00f3s\u00edt\u00e1s\u00e1t, legyen sz\u00f3 modern, minimalista vagy dekorat\u00edv megjelen\u00e9sr\u0151l. A pontos v\u00e1g\u00e1s tiszta \u00e9leket, eszt\u00e9tikus fel\u00fcletet \u00e9s hossz\u00fa \u00e9lettartamot biztos\u00edt, \u00edgy a l\u00e9zerv\u00e1gott ker\u00edt\u00e9s ide\u00e1lis v\u00e1laszt\u00e1s csal\u00e1di h\u00e1zak, ipari ter\u00fcletek \u00e9s k\u00f6zterek sz\u00e1m\u00e1ra is.<\/p>\n<p data-start=\"735\" data-end=\"922\">Ha fontos \u00d6nnek a <strong data-start=\"753\" data-end=\"785\">min\u0151s\u00e9gi l\u00e9zerv\u00e1gott ker\u00edt\u00e9s<\/strong>, az egyedis\u00e9g \u00e9s a megb\u00edzhat\u00f3 kivitelez\u00e9s, v\u00e1lassza a Ker\u00edt\u00e9sparkot.<\/p>\n<p data-start=\"735\" data-end=\"922\">\u00c1raj\u00e1nlat egyedi megbesz\u00e9l\u00e9s alapj\u00e1n.<\/p>\n<p data-start=\"924\" data-end=\"1024\"><strong data-start=\"924\" data-end=\"940\">El\u00e9rhet\u0151s\u00e9g:<\/strong><br data-start=\"940\" data-end=\"943\" \/>\ud83d\udccd 8617 K\u0151r\u00f6shegy, \u00c1rp\u00e1d u. 175\/1<br data-start=\"976\" data-end=\"979\" \/>\ud83d\udcde +36 20 522 9202<br data-start=\"997\" data-end=\"1000\" \/>\ud83d\udce7 <a class=\"decorated-link cursor-pointer\" rel=\"noopener\" data-start=\"1003\" data-end=\"1024\">keritespark@gmail.com<\/a><\/p>\n","protected":false},"excerpt":{"rendered":"<p>L\u00e9zerv\u00e1gott ker\u00edt\u00e9sek \u2013 a Ker\u00edt\u00e9sPark 2026-os \u00fajdons\u00e1ga A l\u00e9zerv\u00e1gott ker\u00edt\u00e9s a Ker\u00edt\u00e9s Park egyik legn\u00e9pszer\u0171bb megold\u00e1sa, amely 2026 \u00f3ta el\u00e9rhet\u0151 k\u00edn\u00e1latunkban. A [&hellip;]<\/p>\n","protected":false},"author":1,"featured_media":0,"parent":0,"menu_order":0,"comment_status":"closed","ping_status":"closed","template":"","meta":{"footnotes":""},"class_list":["post-1200","page","type-page","status-publish","hentry"],"yoast_head":"<!-- This site is optimized with the Yoast SEO plugin v26.7 - https:\/\/yoast.com\/wordpress\/plugins\/seo\/ -->\n<title>L\u00e9zerv\u00e1g\u00e1s - K\u0151r\u00f6shegyf\u00e9m Bt.<\/title>\n<meta name=\"description\" content=\"A ker\u00edt\u00e9spark 3D ker\u00edt\u00e9selemek, betonl\u00e1bazat, oszlopok, kieg\u00e9sz\u00edt\u0151k, tekercses dr\u00f3tfonatok \u00e9s kapuk\u00e9sz\u00edt\u00e9ssel foglalkozik.\" \/>\n<meta name=\"robots\" content=\"index, follow, max-snippet:-1, max-image-preview:large, max-video-preview:-1\" \/>\n<link rel=\"canonical\" href=\"https:\/\/koroshegyfem.hu\/index.php\/lezervagas\/\" \/>\n<meta property=\"og:locale\" content=\"hu_HU\" \/>\n<meta property=\"og:type\" content=\"article\" \/>\n<meta property=\"og:title\" content=\"L\u00e9zerv\u00e1g\u00e1s - K\u0151r\u00f6shegyf\u00e9m Bt.\" \/>\n<meta property=\"og:description\" content=\"A ker\u00edt\u00e9spark 3D ker\u00edt\u00e9selemek, betonl\u00e1bazat, oszlopok, kieg\u00e9sz\u00edt\u0151k, tekercses dr\u00f3tfonatok \u00e9s kapuk\u00e9sz\u00edt\u00e9ssel foglalkozik.\" \/>\n<meta property=\"og:url\" content=\"https:\/\/koroshegyfem.hu\/index.php\/lezervagas\/\" \/>\n<meta property=\"og:site_name\" content=\"K\u0151r\u00f6shegyf\u00e9m Bt.\" \/>\n<meta property=\"article:modified_time\" content=\"2026-01-16T12:08:52+00:00\" \/>\n<meta property=\"og:image\" content=\"https:\/\/koroshegyfem.hu\/wp-content\/uploads\/2026\/01\/ChatGPT-Image-2026.-jan.-16.-11_47_42.png\" \/>\n\t<meta property=\"og:image:width\" content=\"1024\" \/>\n\t<meta property=\"og:image:height\" content=\"1024\" \/>\n\t<meta property=\"og:image:type\" content=\"image\/png\" \/>\n<meta name=\"twitter:card\" content=\"summary_large_image\" \/>\n<meta name=\"twitter:label1\" content=\"Becs\u00fclt olvas\u00e1si id\u0151\" \/>\n\t<meta name=\"twitter:data1\" content=\"1 perc\" \/>\n<script type=\"application\/ld+json\" class=\"yoast-schema-graph\">{\"@context\":\"https:\/\/schema.org\",\"@graph\":[{\"@type\":\"WebPage\",\"@id\":\"https:\/\/koroshegyfem.hu\/index.php\/lezervagas\/\",\"url\":\"https:\/\/koroshegyfem.hu\/index.php\/lezervagas\/\",\"name\":\"L\u00e9zerv\u00e1g\u00e1s - K\u0151r\u00f6shegyf\u00e9m Bt.\",\"isPartOf\":{\"@id\":\"https:\/\/koroshegyfem.hu\/#website\"},\"primaryImageOfPage\":{\"@id\":\"https:\/\/koroshegyfem.hu\/index.php\/lezervagas\/#primaryimage\"},\"image\":{\"@id\":\"https:\/\/koroshegyfem.hu\/index.php\/lezervagas\/#primaryimage\"},\"thumbnailUrl\":\"https:\/\/koroshegyfem.hu\/wp-content\/uploads\/2026\/01\/ChatGPT-Image-2026.-jan.-16.-11_47_42-300x300.png\",\"datePublished\":\"2026-01-16T11:59:59+00:00\",\"dateModified\":\"2026-01-16T12:08:52+00:00\",\"description\":\"A ker\u00edt\u00e9spark 3D ker\u00edt\u00e9selemek, betonl\u00e1bazat, oszlopok, kieg\u00e9sz\u00edt\u0151k, tekercses dr\u00f3tfonatok \u00e9s kapuk\u00e9sz\u00edt\u00e9ssel foglalkozik.\",\"breadcrumb\":{\"@id\":\"https:\/\/koroshegyfem.hu\/index.php\/lezervagas\/#breadcrumb\"},\"inLanguage\":\"hu\",\"potentialAction\":[{\"@type\":\"ReadAction\",\"target\":[\"https:\/\/koroshegyfem.hu\/index.php\/lezervagas\/\"]}]},{\"@type\":\"ImageObject\",\"inLanguage\":\"hu\",\"@id\":\"https:\/\/koroshegyfem.hu\/index.php\/lezervagas\/#primaryimage\",\"url\":\"https:\/\/koroshegyfem.hu\/wp-content\/uploads\/2026\/01\/ChatGPT-Image-2026.-jan.-16.-11_47_42.png\",\"contentUrl\":\"https:\/\/koroshegyfem.hu\/wp-content\/uploads\/2026\/01\/ChatGPT-Image-2026.-jan.-16.-11_47_42.png\",\"width\":1024,\"height\":1024},{\"@type\":\"BreadcrumbList\",\"@id\":\"https:\/\/koroshegyfem.hu\/index.php\/lezervagas\/#breadcrumb\",\"itemListElement\":[{\"@type\":\"ListItem\",\"position\":1,\"name\":\"Kezd\u0151lap\",\"item\":\"https:\/\/koroshegyfem.hu\/\"},{\"@type\":\"ListItem\",\"position\":2,\"name\":\"L\u00e9zerv\u00e1g\u00e1s\"}]},{\"@type\":\"WebSite\",\"@id\":\"https:\/\/koroshegyfem.hu\/#website\",\"url\":\"https:\/\/koroshegyfem.hu\/\",\"name\":\"K\u0151r\u00f6shegyf\u00e9m Bt.\",\"description\":\"8617 K\u00f6r\u00f6shegy\",\"potentialAction\":[{\"@type\":\"SearchAction\",\"target\":{\"@type\":\"EntryPoint\",\"urlTemplate\":\"https:\/\/koroshegyfem.hu\/?s={search_term_string}\"},\"query-input\":{\"@type\":\"PropertyValueSpecification\",\"valueRequired\":true,\"valueName\":\"search_term_string\"}}],\"inLanguage\":\"hu\"}]}<\/script>\n<!-- \/ Yoast SEO plugin. -->","yoast_head_json":{"title":"L\u00e9zerv\u00e1g\u00e1s - K\u0151r\u00f6shegyf\u00e9m Bt.","description":"A ker\u00edt\u00e9spark 3D ker\u00edt\u00e9selemek, betonl\u00e1bazat, oszlopok, kieg\u00e9sz\u00edt\u0151k, tekercses dr\u00f3tfonatok \u00e9s kapuk\u00e9sz\u00edt\u00e9ssel foglalkozik.","robots":{"index":"index","follow":"follow","max-snippet":"max-snippet:-1","max-image-preview":"max-image-preview:large","max-video-preview":"max-video-preview:-1"},"canonical":"https:\/\/koroshegyfem.hu\/index.php\/lezervagas\/","og_locale":"hu_HU","og_type":"article","og_title":"L\u00e9zerv\u00e1g\u00e1s - K\u0151r\u00f6shegyf\u00e9m Bt.","og_description":"A ker\u00edt\u00e9spark 3D ker\u00edt\u00e9selemek, betonl\u00e1bazat, oszlopok, kieg\u00e9sz\u00edt\u0151k, tekercses dr\u00f3tfonatok \u00e9s kapuk\u00e9sz\u00edt\u00e9ssel foglalkozik.","og_url":"https:\/\/koroshegyfem.hu\/index.php\/lezervagas\/","og_site_name":"K\u0151r\u00f6shegyf\u00e9m Bt.","article_modified_time":"2026-01-16T12:08:52+00:00","og_image":[{"width":1024,"height":1024,"url":"https:\/\/koroshegyfem.hu\/wp-content\/uploads\/2026\/01\/ChatGPT-Image-2026.-jan.-16.-11_47_42.png","type":"image\/png"}],"twitter_card":"summary_large_image","twitter_misc":{"Becs\u00fclt olvas\u00e1si id\u0151":"1 perc"},"schema":{"@context":"https:\/\/schema.org","@graph":[{"@type":"WebPage","@id":"https:\/\/koroshegyfem.hu\/index.php\/lezervagas\/","url":"https:\/\/koroshegyfem.hu\/index.php\/lezervagas\/","name":"L\u00e9zerv\u00e1g\u00e1s - K\u0151r\u00f6shegyf\u00e9m Bt.","isPartOf":{"@id":"https:\/\/koroshegyfem.hu\/#website"},"primaryImageOfPage":{"@id":"https:\/\/koroshegyfem.hu\/index.php\/lezervagas\/#primaryimage"},"image":{"@id":"https:\/\/koroshegyfem.hu\/index.php\/lezervagas\/#primaryimage"},"thumbnailUrl":"https:\/\/koroshegyfem.hu\/wp-content\/uploads\/2026\/01\/ChatGPT-Image-2026.-jan.-16.-11_47_42-300x300.png","datePublished":"2026-01-16T11:59:59+00:00","dateModified":"2026-01-16T12:08:52+00:00","description":"A ker\u00edt\u00e9spark 3D ker\u00edt\u00e9selemek, betonl\u00e1bazat, oszlopok, kieg\u00e9sz\u00edt\u0151k, tekercses dr\u00f3tfonatok \u00e9s kapuk\u00e9sz\u00edt\u00e9ssel foglalkozik.","breadcrumb":{"@id":"https:\/\/koroshegyfem.hu\/index.php\/lezervagas\/#breadcrumb"},"inLanguage":"hu","potentialAction":[{"@type":"ReadAction","target":["https:\/\/koroshegyfem.hu\/index.php\/lezervagas\/"]}]},{"@type":"ImageObject","inLanguage":"hu","@id":"https:\/\/koroshegyfem.hu\/index.php\/lezervagas\/#primaryimage","url":"https:\/\/koroshegyfem.hu\/wp-content\/uploads\/2026\/01\/ChatGPT-Image-2026.-jan.-16.-11_47_42.png","contentUrl":"https:\/\/koroshegyfem.hu\/wp-content\/uploads\/2026\/01\/ChatGPT-Image-2026.-jan.-16.-11_47_42.png","width":1024,"height":1024},{"@type":"BreadcrumbList","@id":"https:\/\/koroshegyfem.hu\/index.php\/lezervagas\/#breadcrumb","itemListElement":[{"@type":"ListItem","position":1,"name":"Kezd\u0151lap","item":"https:\/\/koroshegyfem.hu\/"},{"@type":"ListItem","position":2,"name":"L\u00e9zerv\u00e1g\u00e1s"}]},{"@type":"WebSite","@id":"https:\/\/koroshegyfem.hu\/#website","url":"https:\/\/koroshegyfem.hu\/","name":"K\u0151r\u00f6shegyf\u00e9m Bt.","description":"8617 K\u00f6r\u00f6shegy","potentialAction":[{"@type":"SearchAction","target":{"@type":"EntryPoint","urlTemplate":"https:\/\/koroshegyfem.hu\/?s={search_term_string}"},"query-input":{"@type":"PropertyValueSpecification","valueRequired":true,"valueName":"search_term_string"}}],"inLanguage":"hu"}]}},"_links":{"self":[{"href":"https:\/\/koroshegyfem.hu\/index.php\/wp-json\/wp\/v2\/pages\/1200","targetHints":{"allow":["GET"]}}],"collection":[{"href":"https:\/\/koroshegyfem.hu\/index.php\/wp-json\/wp\/v2\/pages"}],"about":[{"href":"https:\/\/koroshegyfem.hu\/index.php\/wp-json\/wp\/v2\/types\/page"}],"author":[{"embeddable":true,"href":"https:\/\/koroshegyfem.hu\/index.php\/wp-json\/wp\/v2\/users\/1"}],"replies":[{"embeddable":true,"href":"https:\/\/koroshegyfem.hu\/index.php\/wp-json\/wp\/v2\/comments?post=1200"}],"version-history":[{"count":4,"href":"https:\/\/koroshegyfem.hu\/index.php\/wp-json\/wp\/v2\/pages\/1200\/revisions"}],"predecessor-version":[{"id":1204,"href":"https:\/\/koroshegyfem.hu\/index.php\/wp-json\/wp\/v2\/pages\/1200\/revisions\/1204"}],"wp:attachment":[{"href":"https:\/\/koroshegyfem.hu\/index.php\/wp-json\/wp\/v2\/media?parent=1200"}],"curies":[{"name":"wp","href":"https:\/\/api.w.org\/{rel}","templated":true}]}}